{"id":191,"date":"2025-05-27T12:45:18","date_gmt":"2025-05-27T09:45:18","guid":{"rendered":"https:\/\/www.ravintolahilda.fi\/?page_id=191"},"modified":"2025-06-15T22:44:54","modified_gmt":"2025-06-15T19:44:54","slug":"yhteystiedot","status":"publish","type":"page","link":"https:\/\/www.ravintolahilda.fi\/?page_id=191","title":{"rendered":"Yhteystiedot"},"content":{"rendered":"\n<div class=\"wp-block-group is-layout-grid wp-container-core-group-is-layout-3 wp-block-group-is-layout-grid\">\n<div class=\"wp-block-group is-vertical is-layout-flex wp-container-core-group-is-layout-1 wp-block-group-is-layout-flex\" style=\"border-style:none;border-width:0px;min-height:0px;padding-top:0;padding-bottom:0\">\n<p>Yli 6 hengen tilaukset ja p\u00f6yt\u00e4varaukset pyyd\u00e4mme ilmoittamaan etuk\u00e4teen puhelimitse.<\/p>\n<\/div>\n\n\n\n<div class=\"wp-block-group is-vertical is-layout-flex wp-container-core-group-is-layout-2 wp-block-group-is-layout-flex\">\n<p>Hildassa on mahdollista j\u00e4rjest\u00e4\u00e4 my\u00f6s yksityistilaisuuksia \u2013 pyyd\u00e4mme tekem\u00e4\u00e4n alustavan varauksen puhelimitse tai s\u00e4hk\u00f6postitse.<\/p>\n<\/div>\n<\/div>\n\n\n\n<div class=\"wp-block-group is-layout-grid wp-container-core-group-is-layout-5 wp-block-group-is-layout-grid\">\n<div class=\"wp-block-group is-vertical is-layout-flex wp-container-core-group-is-layout-4 wp-block-group-is-layout-flex\">\n<p>Puhelin: <strong>&nbsp;<\/strong><a href=\"https:\/\/www.google.com\/search?q=ravintola+hilda&amp;rlz=1C1CHBF_fiFI1068FI1068&amp;oq=ra&amp;gs_lcrp=EgZjaHJvbWUqDAgBECMYJxiABBiKBTIGCAAQRRg8MgwIARAjGCcYgAQYigUyBggCEEUYOTIGCAMQRRg7MgYIBBBFGD0yBggFEEUYPDIGCAYQRRg8MgYIBxBFGDzSAQgxNzI2ajBqN6gCALACAA&amp;sourceid=chrome&amp;ie=UTF-8#\">040 3532227<\/a><\/p>\n\n\n\n<p>S\u00e4hk\u00f6posti: ravintolahilda@gmail.com<\/p>\n\n\n\n<p>Osoite: <a href=\"https:\/\/www.google.com\/maps\/place\/\/data=!4m2!3m1!1s0x46874931b11bd065:0xc4c6d272ccae935c?sa=X&amp;ved=1t:8290&amp;ictx=111\">Rantakatu 7, 67100 Kokkola<\/a><\/p>\n<\/div>\n<\/div>\n\n\n\n<figure class=\"wp-block-image size-large\"><img loading=\"lazy\" decoding=\"async\" width=\"1024\" height=\"768\" src=\"https:\/\/www.ravintolahilda.fi\/wp-content\/uploads\/2025\/06\/IMG20250414175529-1024x768.jpg\" alt=\"\" class=\"wp-image-298\" srcset=\"https:\/\/www.ravintolahilda.fi\/wp-content\/uploads\/2025\/06\/IMG20250414175529-1024x768.jpg 1024w, https:\/\/www.ravintolahilda.fi\/wp-content\/uploads\/2025\/06\/IMG20250414175529-300x225.jpg 300w, https:\/\/www.ravintolahilda.fi\/wp-content\/uploads\/2025\/06\/IMG20250414175529-768x576.jpg 768w, https:\/\/www.ravintolahilda.fi\/wp-content\/uploads\/2025\/06\/IMG20250414175529-1536x1152.jpg 1536w, https:\/\/www.ravintolahilda.fi\/wp-content\/uploads\/2025\/06\/IMG20250414175529-2048x1536.jpg 2048w\" sizes=\"auto, (max-width: 1024px) 100vw, 1024px\" \/><figcaption class=\"wp-element-caption\">HILDA<\/figcaption><\/figure>\n","protected":false},"excerpt":{"rendered":"<p>Yli 6 hengen tilaukset ja p\u00f6yt\u00e4varaukset pyyd\u00e4mme ilmoittamaan etuk\u00e4teen puhelimitse. Hildassa on mahdollista j\u00e4rjest\u00e4\u00e4 my\u00f6s yksityistilaisuuksia \u2013 pyyd\u00e4mme tekem\u00e4\u00e4n alustavan varauksen puhelimitse tai s\u00e4hk\u00f6postitse. Puhelin: &nbsp;040 3532227 S\u00e4hk\u00f6posti: ravintolahilda@gmail.com Osoite: Rantakatu 7, 67100 Kokkola<\/p>\n","protected":false},"author":1,"featured_media":0,"parent":0,"menu_order":0,"comment_status":"closed","ping_status":"closed","template":"","meta":{"footnotes":""},"class_list":["post-191","page","type-page","status-publish","hentry"],"_links":{"self":[{"href":"https:\/\/www.ravintolahilda.fi\/index.php?rest_route=\/wp\/v2\/pages\/191","targetHints":{"allow":["GET"]}}],"collection":[{"href":"https:\/\/www.ravintolahilda.fi\/index.php?rest_route=\/wp\/v2\/pages"}],"about":[{"href":"https:\/\/www.ravintolahilda.fi\/index.php?rest_route=\/wp\/v2\/types\/page"}],"author":[{"embeddable":true,"href":"https:\/\/www.ravintolahilda.fi\/index.php?rest_route=\/wp\/v2\/users\/1"}],"replies":[{"embeddable":true,"href":"https:\/\/www.ravintolahilda.fi\/index.php?rest_route=%2Fwp%2Fv2%2Fcomments&post=191"}],"version-history":[{"count":8,"href":"https:\/\/www.ravintolahilda.fi\/index.php?rest_route=\/wp\/v2\/pages\/191\/revisions"}],"predecessor-version":[{"id":322,"href":"https:\/\/www.ravintolahilda.fi\/index.php?rest_route=\/wp\/v2\/pages\/191\/revisions\/322"}],"wp:attachment":[{"href":"https:\/\/www.ravintolahilda.fi\/index.php?rest_route=%2Fwp%2Fv2%2Fmedia&parent=191"}],"curies":[{"name":"wp","href":"https:\/\/api.w.org\/{rel}","templated":true}]}}