{"id":158,"date":"2025-04-24T19:08:10","date_gmt":"2025-04-24T16:08:10","guid":{"rendered":"https:\/\/www.ravintolahilda.fi\/?page_id=158"},"modified":"2026-03-03T20:14:05","modified_gmt":"2026-03-03T18:14:05","slug":"158-2","status":"publish","type":"page","link":"https:\/\/www.ravintolahilda.fi\/","title":{"rendered":"Tervetuloa Hildaan"},"content":{"rendered":"\n<p class=\"has-text-align-center is-style-default\" style=\"padding-right:0;padding-left:0\">Kodikkaaseen ja l\u00e4mminhenkiseen ravintolaan Kokkolan keskustassa. Meill\u00e4 p\u00e4\u00e4set nauttimaan suomalaisista raaka-aineista valmistettua kotilounasta. Sek\u00e4 monipuolisesta \u00e0 la carte -listasta, josta l\u00f6ytyy muun muassa perinteisi\u00e4 leikkeit\u00e4, pihvej\u00e4, pizzoja ja muita herkullisia vaihtoehtoja.<\/p>\n\n\n\n<p><\/p>\n\n\n\n<hr class=\"wp-block-separator has-alpha-channel-opacity is-style-wide is-style-wide--1\"\/>\n\n\n\n<div class=\"wp-block-group is-layout-grid wp-container-core-group-is-layout-3 wp-block-group-is-layout-grid\" style=\"padding-top:var(--wp--preset--spacing--50);padding-right:0;padding-bottom:var(--wp--preset--spacing--50);padding-left:0\">\n<figure class=\"wp-block-image size-large\" style=\"margin-top:var(--wp--preset--spacing--40);margin-right:0;margin-bottom:var(--wp--preset--spacing--40);margin-left:0\"><img loading=\"lazy\" decoding=\"async\" width=\"768\" height=\"1024\" src=\"https:\/\/www.ravintolahilda.fi\/wp-content\/uploads\/2025\/06\/IMG-20250403-WA0018-1-768x1024.jpg\" alt=\"\" class=\"wp-image-301\" srcset=\"https:\/\/www.ravintolahilda.fi\/wp-content\/uploads\/2025\/06\/IMG-20250403-WA0018-1-768x1024.jpg 768w, https:\/\/www.ravintolahilda.fi\/wp-content\/uploads\/2025\/06\/IMG-20250403-WA0018-1-225x300.jpg 225w, https:\/\/www.ravintolahilda.fi\/wp-content\/uploads\/2025\/06\/IMG-20250403-WA0018-1-1152x1536.jpg 1152w, https:\/\/www.ravintolahilda.fi\/wp-content\/uploads\/2025\/06\/IMG-20250403-WA0018-1.jpg 1536w\" sizes=\"auto, (max-width: 768px) 100vw, 768px\" \/><\/figure>\n\n\n\n<div class=\"wp-block-group has-global-padding is-content-justification-left is-layout-constrained wp-container-core-group-is-layout-2 wp-block-group-is-layout-constrained\" style=\"margin-top:var(--wp--preset--spacing--50);margin-bottom:var(--wp--preset--spacing--50)\">\n<h2 class=\"wp-block-heading has-text-align-center\">Aukioloajat<\/h2>\n\n\n\n<div class=\"wp-block-group is-vertical is-content-justification-left is-layout-flex wp-container-core-group-is-layout-1 wp-block-group-is-layout-flex\">\n<p class=\"has-text-align-center\">ma &#8211; ti 10.30 &#8211; 18.00<\/p>\n\n\n\n<p>ke-pe 10.30 &#8211; 20.00<\/p>\n\n\n\n<p>la 11.00 &#8211; 20.00<\/p>\n\n\n\n<p>su 13.00 &#8211; 19.00<\/p>\n\n\n\n<p class=\"has-text-align-left\">(Huom! Keitti\u00f6 suljetaan 30 min aiemmin)<\/p>\n<\/div>\n<\/div>\n<\/div>\n\n\n\n<hr class=\"wp-block-separator has-alpha-channel-opacity is-style-wide is-style-wide--2\"\/>\n\n\n\n<h2 class=\"wp-block-heading has-text-align-center has-xx-large-font-size\"><a href=\"https:\/\/www.ravintolahilda.fi\/?page_id=187\" data-type=\"page\" data-id=\"187\">Lounas<\/a><\/h2>\n\n\n\n<div class=\"wp-block-group has-global-padding is-layout-constrained wp-block-group-is-layout-constrained\" style=\"margin-top:var(--wp--preset--spacing--50);margin-bottom:var(--wp--preset--spacing--50)\">\n<div class=\"wp-block-group is-layout-grid wp-container-core-group-is-layout-6 wp-block-group-is-layout-grid\" style=\"margin-top:var(--wp--preset--spacing--50);margin-bottom:var(--wp--preset--spacing--50);padding-top:var(--wp--preset--spacing--50);padding-bottom:var(--wp--preset--spacing--50)\">\n<div class=\"wp-block-group wp-container-content-1 has-global-padding is-content-justification-center is-layout-constrained wp-block-group-is-layout-constrained\">\n<h2 class=\"wp-block-heading has-text-align-center\">Lounasta tarjoillaan<\/h2>\n\n\n\n<p class=\"has-text-align-center\">ma-pe 10.30-14.00<\/p>\n\n\n\n<p class=\"has-text-align-center\">la 11.00-14.00<\/p>\n<\/div>\n\n\n\n<div class=\"wp-block-group is-vertical is-content-justification-center is-layout-flex wp-container-core-group-is-layout-5 wp-block-group-is-layout-flex\">\n<h2 class=\"wp-block-heading\"><\/h2>\n\n\n\n<p class=\"has-text-align-center wp-container-content-2\">Katso t\u00e4m\u00e4n viikon lounas<\/p>\n\n\n\n<p><a href=\"https:\/\/www.ravintolahilda.fi\/?page_id=187\">t\u00e4st\u00e4.<\/a><\/p>\n<\/div>\n<\/div>\n<\/div>\n\n\n\n<hr class=\"wp-block-separator has-alpha-channel-opacity is-style-wide is-style-wide--3\"\/>\n\n\n\n<div class=\"wp-block-group is-vertical is-layout-flex wp-container-core-group-is-layout-8 wp-block-group-is-layout-flex\" style=\"margin-top:var(--wp--preset--spacing--50);margin-bottom:var(--wp--preset--spacing--50)\">\n<figure class=\"wp-block-gallery has-nested-images columns-3 is-cropped wp-block-gallery-4 is-layout-flex wp-block-gallery-is-layout-flex\" style=\"border-style:none;border-width:0px;border-radius:0px\">\n<figure class=\"wp-block-image size-large\"><img loading=\"lazy\" decoding=\"async\" width=\"768\" height=\"1024\" src=\"https:\/\/www.ravintolahilda.fi\/wp-content\/uploads\/2025\/06\/IMG20250503152239-768x1024.jpg\" alt=\"\" class=\"wp-image-246\" srcset=\"https:\/\/www.ravintolahilda.fi\/wp-content\/uploads\/2025\/06\/IMG20250503152239-768x1024.jpg 768w, https:\/\/www.ravintolahilda.fi\/wp-content\/uploads\/2025\/06\/IMG20250503152239-225x300.jpg 225w, https:\/\/www.ravintolahilda.fi\/wp-content\/uploads\/2025\/06\/IMG20250503152239-1152x1536.jpg 1152w, https:\/\/www.ravintolahilda.fi\/wp-content\/uploads\/2025\/06\/IMG20250503152239-1536x2048.jpg 1536w, https:\/\/www.ravintolahilda.fi\/wp-content\/uploads\/2025\/06\/IMG20250503152239-scaled.jpg 1920w\" sizes=\"auto, (max-width: 768px) 100vw, 768px\" \/><figcaption class=\"wp-element-caption\">Wienerleike<\/figcaption><\/figure>\n\n\n\n<figure class=\"wp-block-image size-large\"><a href=\"\/menu\"><img loading=\"lazy\" decoding=\"async\" width=\"768\" height=\"1024\" src=\"https:\/\/www.ravintolahilda.fi\/wp-content\/uploads\/2025\/06\/IMG-20250412-WA0001-768x1024.jpg\" alt=\"\" class=\"wp-image-247\" srcset=\"https:\/\/www.ravintolahilda.fi\/wp-content\/uploads\/2025\/06\/IMG-20250412-WA0001-768x1024.jpg 768w, https:\/\/www.ravintolahilda.fi\/wp-content\/uploads\/2025\/06\/IMG-20250412-WA0001-225x300.jpg 225w, https:\/\/www.ravintolahilda.fi\/wp-content\/uploads\/2025\/06\/IMG-20250412-WA0001-1152x1536.jpg 1152w, https:\/\/www.ravintolahilda.fi\/wp-content\/uploads\/2025\/06\/IMG-20250412-WA0001.jpg 1500w\" sizes=\"auto, (max-width: 768px) 100vw, 768px\" \/><\/a><figcaption class=\"wp-element-caption\">mets\u00e4st\u00e4j\u00e4nleike<\/figcaption><\/figure>\n\n\n\n<figure class=\"wp-block-image size-large\"><a href=\"\/menu\"><img loading=\"lazy\" decoding=\"async\" width=\"1024\" height=\"1024\" src=\"https:\/\/www.ravintolahilda.fi\/wp-content\/uploads\/2025\/06\/IMG20250413155901-1-1024x1024.jpg\" alt=\"\" class=\"wp-image-248\" srcset=\"https:\/\/www.ravintolahilda.fi\/wp-content\/uploads\/2025\/06\/IMG20250413155901-1-1024x1024.jpg 1024w, https:\/\/www.ravintolahilda.fi\/wp-content\/uploads\/2025\/06\/IMG20250413155901-1-300x300.jpg 300w, https:\/\/www.ravintolahilda.fi\/wp-content\/uploads\/2025\/06\/IMG20250413155901-1-150x150.jpg 150w, https:\/\/www.ravintolahilda.fi\/wp-content\/uploads\/2025\/06\/IMG20250413155901-1-768x768.jpg 768w, https:\/\/www.ravintolahilda.fi\/wp-content\/uploads\/2025\/06\/IMG20250413155901-1-1536x1536.jpg 1536w, https:\/\/www.ravintolahilda.fi\/wp-content\/uploads\/2025\/06\/IMG20250413155901-1-2048x2048.jpg 2048w\" sizes=\"auto, (max-width: 1024px) 100vw, 1024px\" \/><\/a><figcaption class=\"wp-element-caption\">pizza<\/figcaption><\/figure>\n<\/figure>\n<\/div>\n\n\n\n<p><\/p>\n","protected":false},"excerpt":{"rendered":"<p>Kodikkaaseen ja l\u00e4mminhenkiseen ravintolaan Kokkolan keskustassa. Meill\u00e4 p\u00e4\u00e4set nauttimaan suomalaisista raaka-aineista valmistettua kotilounasta. Sek\u00e4 monipuolisesta \u00e0 la carte -listasta, josta l\u00f6ytyy muun muassa perinteisi\u00e4 leikkeit\u00e4, pihvej\u00e4, pizzoja ja muita herkullisia vaihtoehtoja. Aukioloajat ma &#8211; ti 10.30 &#8211; 18.00 ke-pe 10.30 &#8211; 20.00 la 11.00 &#8211; 20.00 su 13.00 &#8211; 19.00 (Huom! Keitti\u00f6 suljetaan 30 min [&hellip;]<\/p>\n","protected":false},"author":1,"featured_media":0,"parent":0,"menu_order":0,"comment_status":"closed","ping_status":"closed","template":"","meta":{"footnotes":""},"class_list":["post-158","page","type-page","status-publish","hentry"],"_links":{"self":[{"href":"https:\/\/www.ravintolahilda.fi\/index.php?rest_route=\/wp\/v2\/pages\/158","targetHints":{"allow":["GET"]}}],"collection":[{"href":"https:\/\/www.ravintolahilda.fi\/index.php?rest_route=\/wp\/v2\/pages"}],"about":[{"href":"https:\/\/www.ravintolahilda.fi\/index.php?rest_route=\/wp\/v2\/types\/page"}],"author":[{"embeddable":true,"href":"https:\/\/www.ravintolahilda.fi\/index.php?rest_route=\/wp\/v2\/users\/1"}],"replies":[{"embeddable":true,"href":"https:\/\/www.ravintolahilda.fi\/index.php?rest_route=%2Fwp%2Fv2%2Fcomments&post=158"}],"version-history":[{"count":47,"href":"https:\/\/www.ravintolahilda.fi\/index.php?rest_route=\/wp\/v2\/pages\/158\/revisions"}],"predecessor-version":[{"id":450,"href":"https:\/\/www.ravintolahilda.fi\/index.php?rest_route=\/wp\/v2\/pages\/158\/revisions\/450"}],"wp:attachment":[{"href":"https:\/\/www.ravintolahilda.fi\/index.php?rest_route=%2Fwp%2Fv2%2Fmedia&parent=158"}],"curies":[{"name":"wp","href":"https:\/\/api.w.org\/{rel}","templated":true}]}}